{"id":139,"date":"2018-03-11T21:42:21","date_gmt":"2018-03-11T21:42:21","guid":{"rendered":"http:\/\/www.geosystemjastrzebski.pl\/?page_id=139"},"modified":"2018-03-12T06:26:06","modified_gmt":"2018-03-12T06:26:06","slug":"geotechnika-i-geologia-inzynierska","status":"publish","type":"page","link":"http:\/\/www.geosystemjastrzebski.pl\/?page_id=139","title":{"rendered":"Geotechnika i Geologia In\u017cynierska"},"content":{"rendered":"<p>&#8211; OG, DBPG, PRG i DGI dla oceny warunk\u00f3w geologiczno-in\u017cynierskich pod\u0142o\u017ca dla budowy wydzielonej trasy transportu zbiorowego METROBUS we Wroc\u0142awiu<\/p>\n<p>&#8211; OG, DBPG, PRG i DGI pod planowan\u0105 budow\u0119 turbiny wiatrowej MR1 i MR4 wchodz\u0105cych w sk\u0142ad Farmy Wiatrowej Ma\u0142y Racib\u00f3rz (Eurokod 7)<\/p>\n<p>&#8211; OG, DBPG, PRG i DGI dla budowy farmy wiatrowej w okolicach G\u0142ucho\u0142az &#8211; 22 turbiny (Eurokod 7)<\/p>\n<p>&#8211; OG, DBPG, PRG i DGI dla oceny warunk\u00f3w geologiczno-in\u017cynierskich pod\u0142o\u017ca pod projektowany trzykondygnacyjny budynek bez podpiwniczenia przy ulicy Dolnobrzeskiej 54 we Wroc\u0142awiu<\/p>\n<p>&#8211; OG, DBPG, PRG i DGI do projektu budowy sieci wodoci\u0105gowej i kanalizacji sanitarnej w nowoprojektowanej ulicy Lubawskiej we Wroc\u0142awiu<\/p>\n<p>&#8211; OG, DBPG, PRG i DGI dla budowy mostu w Ku\u017anicy Trzci\u0144skiej pod K\u0119pnem<\/p>\n<p>&#8211; OG, DBPG, PRG i DGI dla budowy ulicy Wojanowskiej i Fildorfa w ci\u0105gu Al. Stab\u0142owickiej we Wroc\u0142awiu<\/p>\n<p>&#8211; OG, DBPG, PRG i DGI dla kanalizacji sanitarnej i deszczowej w ci\u0105gu ulicy K\u0142odzkiej we Wroc\u0142awiu<\/p>\n<p>&#8211; OG, DBPG, PRG i DGI dla mostu oraz drogi \u0142\u0105cz\u0105cej ulic\u0119 Kwidzy\u0144k\u0105 i Kowalsk\u0105 we Wroc\u0142awiu<\/p>\n<p>&#8211; OG, DBPG, PRG. DGI i PG dla remontu Most\u00f3w \u015aredzkich we Wroc\u0142awiu<\/p>\n<p>&#8211; OG, DBPG, PRG, DGI i PG dla budowy mostu wraz z drogami w Bobrownikach<\/p>\n<p>&#8211; OG, DBPG, PRG i DGI dla remontu ulicy Ksi\u0119cia Witolda we Wroc\u0142awiu<\/p>\n<p>&#8211; OG i DBPG dla zaprojektowania odprowadzenia w\u00f3d deszczowych do gruntu z ulicy S\u0142onecznej (dz. nr 65\/104), z dzia\u0142ki nr 11\/25 oraz dzia\u0142ek nr 65\/2 i 66\/2 w Sadkowie<\/p>\n<p>&#8211; OG i DBPG pod budow\u0119 budynku dwukondygnacyjnego z podpiwniczeniem na dzia\u0142ce nr 433\/6 przy ulicy Fabrycznej w Kudowie Zdr\u00f3j<\/p>\n<p>&#8211; OG i DBPG dla potrzeb budowy linii tramwajowej na Tarchomin<\/p>\n<p>&#8211; OG i DBPG dla optymalizacji obwodnicy Bolkowa<\/p>\n<p>&#8211; OG i DBPG dla DK5 \u0142\u0105cz\u0105cej S3 z S8 w rejonie Bolkowa<\/p>\n<p>&#8211; OG i DBPG dla budowy kanalizacji sanitarnej w Soko\u0142owsku, Mieroszowie i Goli\u0144sku<\/p>\n<p>&#8211; OG i DBPG dla hotelu w Dusznikach<\/p>\n<p>&#8211; OG, DBPG i PG dla posadowienia hali we Wroc\u0142awiu<\/p>\n<p>&#8211; OG, DBPG i PG dla hali oraz budynku biurowego w Zawadzkich<\/p>\n<p>&#8211; OG, DBPG i PG dla budowy hali produkcyjnej z cz\u0119\u015bci\u0105 biurow\u0105 w Wilczycach<\/p>\n<p>&#8211; OG, DBPG i PG dla hali w Pieszycach<\/p>\n<p>&#8211; OG i DBPG dla zbiornik\u00f3w wody w Wysokiej<\/p>\n<p>&#8211; OG i DBPG dla budowy biogazowni w Godzikowicach<\/p>\n<p>&#8211; OG i DBPG dla okr\u0119gowej stacji kontroli pojazd\u00f3w w Rzeplinie<\/p>\n<p>&#8211; OG i DBPG dla nabrze\u017ca w porcie Elektrociep\u0142owni Wroc\u0142aw<\/p>\n<p>&#8211; OG i DBPG dla mostu w Roztokach<\/p>\n<p>&#8211; OG i DBPG dla przebudowy mostu w Jarosz\u00f3wce<\/p>\n<p>&#8211; OG i DBPG dla przebudowy mostu w Starej Kra\u015bnicy<\/p>\n<p>&#8211; OG i DBPG dla mostu drogowego w Chojnowie<\/p>\n<p>&#8211; OG i DBPG dla kanalizacji sanitarnej i deszczowej w Obornikach \u015al\u0105skich<\/p>\n<p>&#8211; OG i DBPG dla hali magazynowej w Owsiance<\/p>\n<p>&#8211; OG i DBPG dla zajazdu i sali gastronomicznej w Brzezimierzu<\/p>\n<p>&#8211; OG i DBPG dla hali w Stanowicach<\/p>\n<p>&#8211; OG i DBPG dla nowego biurowca PZU na Placu Dominika\u0144skim we Wroc\u0142awiu<\/p>\n<p>&#8211; OG i DBPG dla kanalizacji sanitarnej w Witkowie<\/p>\n<p>&#8211; OG i DBPG dla budowy hali w \u0141a\u017anikach<\/p>\n<p>&#8211; OG i DBPG dla budynku mieszkalnego w K\u0105tach Wroc\u0142awskich<\/p>\n<p>&#8211; OG i DBPG dla kanalizacji w Malczycach<\/p>\n<p>&#8211; OG i DBPG dla weryfikacji budowy geologicznej dla hali przy ulicy Kobierzyckiej we Wroc\u0142awiu<\/p>\n<p>&#8211; OG i DBPG dla dw\u00f3ch hal magazynowych oraz dw\u00f3ch boisk rekreacyjnych w Biskupicach Podg\u00f3rnych<\/p>\n<p>&#8211; OG dla przebudowy parkingu przy drodze wojew\u00f3dzkiej 387 oraz odcinka drogi prowadz\u0105cej z drogi wojew\u00f3dzkiej 387 do B\u0142\u0119dnych Ska\u0142<\/p>\n<p>&#8211; OG dla przebudowy odcinka drogi powiatowej nr 1967D (ul. Wroc\u0142awska) w Jordanowie \u015al\u0105skim<\/p>\n<p>&#8211; OG ustalaj\u0105ca warunki gruntowo-wodne w pod\u0142o\u017cu przycz\u00f3\u0142ka mostu kolejowego zlokalizowanego w km 224,884 linii kolejowej nr 137 relacji Katowice \u2013 Legnica<\/p>\n<p>&#8211; OG dla przebudowy drogi powiatowej nr 1606D na odcinku od granicy z powiatem wroc\u0142awskim do granicy z gmin\u0105 Mi\u0119kinia<\/p>\n<p>&#8211; OG dla kanalizacji sanitarnej przy ulicy Domeyki we Wroc\u0142awiu<\/p>\n<p>&#8211; OG dla rozpoznania budowy geologicznej cz\u0119\u015bci dzia\u0142ki 93\/5 w obr\u0119bie Przedsi\u0119biorstwa Produkcji Ogrodniczej \u2013 Siechnice Sp. z o.o.<\/p>\n<p>&#8211; OG dla budowy kanalizacji sanitarnej dla odcinka S20.3-S23-S24 oraz S28-S29 wzd\u0142u\u017c ulicy S. Sempo\u0142owskiej, \u0141ownej i K. Szymanowskiego w Tarnowskich G\u00f3rach<\/p>\n<p>&#8211; OG dla budowy parkingu w rejonie dworca kolejowego Wroc\u0142aw Psie Pole<\/p>\n<p>&#8211; OG dla osiedla dom\u00f3w jednorodzinnych w Kie\u0142cz\u00f3wku<\/p>\n<p>&#8211; OG dla stanu technicznego drogi osiedlowej przy ulicy Granicznej we Wroc\u0142awiu<\/p>\n<p>&#8211; OG dla przebudowy mostu w Czulicach pod Krakowem<\/p>\n<p>&#8211; OG dla remontu zatokowego uj\u0119cia wody we Wroc\u0142awiu<\/p>\n<p>&#8211; OG dla stacji PZ w \u0179r\u00f3d\u0142ach<\/p>\n<p>&#8211; OG dla modernizacji drogi przy mo\u015bcie w Jarosz\u00f3wce<\/p>\n<p>&#8211; OG dla przewiertu dla gazoci\u0105gu w Paniowicach<\/p>\n<p>&#8211; OG dla przewiertu dla gazoci\u0105gu w Sob\u00f3tce<\/p>\n<p>&#8211; OG dla projektu odwodnienia szko\u0142y we Wroc\u0142awiu<\/p>\n<p>&#8211; OG dla zespo\u0142u budynk\u00f3w mieszkalnych w Marcinkowicach<\/p>\n<p>&#8211; OG dla rozpoznania dna stawu w Kudowie Zdr\u00f3j<\/p>\n<p>&#8211; OG dla odcinka drogi rowerowej w Ole\u015bnicy<\/p>\n<p>&#8211; OG dla remontu rektoratu UM we Wroc\u0142awiu<\/p>\n<p>&#8211; OG dla stacji gazowej w Ozimku<\/p>\n<p>&#8211; OG dla stacji gazowej w Tarnowie Opolskim<\/p>\n<p>&#8211; OG dla masztu nadawczego w nadle\u015bnictwie O\u0142awa<\/p>\n<p>&#8211; OG dla zespo\u0142u budynk\u00f3w w Szczodrem<\/p>\n<p>&#8211; OG dla przewiertu pod torami w Iwinach<\/p>\n<p>&#8211; OG dla budowy parking\u00f3w i myjni w \u017bernikach<\/p>\n<p>&#8211; OG dla placu sk\u0142adowego we Wroc\u0142awiu<\/p>\n<p>&#8211; OG dla drogi dojazdowej do stacji obs\u0142ugi samochod\u00f3w we Wroc\u0142awiu<\/p>\n<p>&#8211; OG dla remontu i modernizacji ulicy Polnej i Chrobrego w Kudowie Zdr\u00f3j<\/p>\n<p>&#8211; OG dla rozbudowy Muzeum Papiernictwa w Dusznikach Zdr\u00f3j<\/p>\n<p>&#8211; OG dla kancelarii nadle\u015bnictwa w M\u0105kolnie<\/p>\n<p>&#8211; OG dla kanalizacji sanitarnej w Dzier\u017coniowie i Pieszycach<\/p>\n<p>&#8211; OG dla le\u015bnej drogi po\u017carowej w Le\u015bnictwie Siedlec<\/p>\n<p>&#8211; OG dla le\u015bnej drogi po\u017carowej w Le\u015bnictwie D\u0119bno<\/p>\n<p>&#8211; OG dla rozbudowy przedszkola w Rakoszycach<\/p>\n<p>&#8211; OG dla basenu w Kudowie<\/p>\n<p>&#8211; OG dla dr\u00f3g rowerowych w Kudowie<\/p>\n<p>&#8211; OG dla k\u0142adki i zbiornika na Jamrozowej Polanie w Dusznikach<\/p>\n<p>&#8211; OG dla kanalizacji sanitarnej w Walimiu<\/p>\n<p>&#8211; OG dla rozpoznania pod\u0142o\u017ca w obr\u0119bie istniej\u0105cego wykopu fundamentowego w O\u0142awie<\/p>\n<p>&#8211; OG dla rozbudowy hali na terenie Huty Szk\u0142a w O\u0142awie<\/p>\n<p>&#8211; OG dla parkingu i p\u0119tli autobusowej przy Al. Stab\u0142owickiej we Wroc\u0142awiu<\/p>\n<p>&#8211; OG dla parkingu w Dusznikach<\/p>\n<p>&#8211; OG dla wiaty w Radwanicach<\/p>\n<p>&#8211; OG dla budowy masztu we Wroc\u0142awiu<\/p>\n<p>&#8211; OG dla remontu dr\u00f3g w Kobierzycach<\/p>\n<p>&#8211; OG dla remontu dr\u00f3g w Rolantowicach<\/p>\n<p>&#8211; OG dla remontu wiaduktu kolejowego w Pi\u0142awie G\u00f3rnej<\/p>\n<p>&#8211; OG dla stacji PZ w \u0179r\u00f3d\u0142ach<\/p>\n<p>&#8211; OG dla dr\u00f3g rowerowych we Wroc\u0142awiu<\/p>\n<p>&#8211; OG dla parkingu i budynku socjalnego w Ziele\u0144cu<\/p>\n<p>&#8211; OG dla campingu na Stadionie Olimpijskim we Wroc\u0142awiu<\/p>\n<p>&#8211; OG dla domu jednorodzinnego w Lewinie K\u0142odzkim<\/p>\n<p>&#8211; OG dla domu jednorodzinnego w Kudowie Zdr\u00f3j<\/p>\n<p>&#8211; OG dla modernizacji ulicy Kossaka w Bogatyni ETAP I, II i III<\/p>\n<p>&#8211; OG dla rozbudowy Jamrozowej Polany w Dusznikach Zdr\u00f3j &#8211; Etap II<\/p>\n<p>&#8211; OG dla k\u0142adki pieszo &#8211; rowerowej w \u015awidnicy<\/p>\n<p>&#8211; OG dla przewiertu dla gazoci\u0105gu w Ole\u015bnicy<\/p>\n<p>&#8211; OG dla kanalizacji w Ksi\u0119gnicach<\/p>\n<p>&#8211; OG dla posadowienia podpory w Namys\u0142owie<\/p>\n<p>&#8211; OG dla p\u0119tli autobusowej we Wroc\u0142awiu<\/p>\n<p>&#8211; OG dla budowy drogi 1 KDL we Wroc\u0142awiu<\/p>\n<p>&#8211; OG dla remontu i rozbudowy domu przy ul. Olszewskiego we Wroc\u0142awiu<\/p>\n<p>&#8211; OG dla hali magazynowej przy ul. Ludowej we Wroc\u0142awiu<\/p>\n<p>&#8211; OG dla kanalizacji deszczowej przy ulicy Chorzowskiej we Wroc\u0142awiu<\/p>\n<p>&#8211; OG dla rozbudowy Jamrozowej Polany &#8211; ETAP III<\/p>\n<p>&#8211; OG dla kanalizacji sanitarnej w Sadkowie<\/p>\n<p>&#8211; OG dla renowacji ko\u015bcio\u0142a wraz z lokalizacj\u0105 dla studni ch\u0142onnej w Jaksonowicach<\/p>\n<p>&#8211; OG dla okre\u015blenia budowy pod\u0142o\u017ca przep\u0142awki dla ryb przy Jeziorze Nyskim<\/p>\n<p>&#8211; OG dla osiedla dom\u00f3w w zabudowie bli\u017aniaczej w Nadolicach Ma\u0142ych<\/p>\n<p>&#8211; OG dla dom\u00f3w w zabudowie szeregowej przy ulicy Zegarmistrzowskiej we Wroc\u0142awiu<\/p>\n<p>&#8211; OG dla dom\u00f3w w zabudowie szeregowej przy ulicy Lawandowej w Mirkowie<\/p>\n<p>&#8211; OG dla wst\u0119pnego rozpoznania trzech wiadukt\u00f3w kolejowych w okolicy \u017bagania<\/p>\n<p>&#8211; OG dla modernizacji drogi w Komornikach<\/p>\n<p>&#8211; OG dla modernizacji drogi w Gozdawie<\/p>\n<p>&#8211; OG dla modernizacji dr\u00f3g osiedlowych na osiedlu Wyspia\u0144skiego w Wieluniu<\/p>\n<p>&#8211; OG dla modernizacji ulicy Wiejskiej w Wieluniu<\/p>\n<p>&#8211; OG dla pawilon\u00f3w biurowych w Bielanach Wroc\u0142awskich<\/p>\n<p>&#8211; OG dla budynk\u00f3w przy ulicy Redyckiej we Wroc\u0142awiu<\/p>\n<p>&#8211; OG dla dr\u00f3g rowerowych w Ole\u015bnicy<\/p>\n<p>&#8211; OG dla modernizacji ulicy Nad Potokiem w Kudowie Zdr\u00f3j<\/p>\n<p>&#8211; OG dla rozbudowy hotelu w Kudowie Zdr\u00f3j<\/p>\n<p>&#8211; OG dla budowy parkingu w Mieroszowie<\/p>\n<p>&#8211; OG dla rozbudowy hali produkcyjnej we Wroc\u0142awiu<\/p>\n<p>&#8211; OG dla budowy \u0142\u0105cznika ulicy Wandy Rutkiewicz we Wroc\u0142awiu<\/p>\n<p>&#8211; OG dla ogrodu zimowego w Pruszowicach<\/p>\n<p>&#8211; OG dla wodoci\u0105gu i kanalizacji przy ul. Jaroci\u0144skiej we Wroc\u0142awiu<\/p>\n<p>&#8211; OG dla kanalizacji sanitarnej w Al. R\u00f3\u017c we Wroc\u0142awiu<\/p>\n<p>&#8211; OG dla row\u00f3w melioracyjnych w Kudowie Zdr\u00f3j<\/p>\n<p>&#8211; OG dla modernizacji ulicy Rolnej w Nowej Soli<\/p>\n<p>&#8211; OG dla modernizacji ulicy Cichej w Nowej Soli<\/p>\n<p>&#8211; OG dla rozbudowy budynku mieszkalnego przy ulicy Stro\u0144skiej we Wroc\u0142awiu<\/p>\n<p>&#8211; OG dla modernizacji wa\u0142\u00f3w w Kaczorowie<\/p>\n<p>&#8211; OG dla modernizacji wiaduktu drogowego w ci\u0105gu ulicy Kowalskiej we Wroc\u0142awiu<\/p>\n<p>oraz wiele innych opracowa\u0144 z zakresu geologii, geotechniki i geologii in\u017cynierskiej w tym ponad 100 Opinii geotechnicznych dla dom\u00f3w jednorodzinnych<\/p>\n","protected":false},"excerpt":{"rendered":"<p>&#8211; OG, DBPG, PRG i DGI dla oceny warunk\u00f3w geologiczno-in\u017cynierskich pod\u0142o\u017ca dla budowy wydzielonej trasy transportu zbiorowego METROBUS we Wroc\u0142awiu &#8211; OG, DBPG, PRG i DGI pod planowan\u0105 budow\u0119 turbiny wiatrowej MR1 i MR4 wchodz\u0105cych w sk\u0142ad Farmy Wiatrowej Ma\u0142y Racib\u00f3rz (Eurokod 7) &#8211; OG, DBPG, PRG i DGI dla budowy farmy wiatrowej w okolicach [&hellip;]<\/p>\n","protected":false},"author":2,"featured_media":0,"parent":0,"menu_order":0,"comment_status":"closed","ping_status":"closed","template":"","meta":[],"_links":{"self":[{"href":"http:\/\/www.geosystemjastrzebski.pl\/index.php?rest_route=\/wp\/v2\/pages\/139"}],"collection":[{"href":"http:\/\/www.geosystemjastrzebski.pl\/index.php?rest_route=\/wp\/v2\/pages"}],"about":[{"href":"http:\/\/www.geosystemjastrzebski.pl\/index.php?rest_route=\/wp\/v2\/types\/page"}],"author":[{"embeddable":true,"href":"http:\/\/www.geosystemjastrzebski.pl\/index.php?rest_route=\/wp\/v2\/users\/2"}],"replies":[{"embeddable":true,"href":"http:\/\/www.geosystemjastrzebski.pl\/index.php?rest_route=%2Fwp%2Fv2%2Fcomments&post=139"}],"version-history":[{"count":6,"href":"http:\/\/www.geosystemjastrzebski.pl\/index.php?rest_route=\/wp\/v2\/pages\/139\/revisions"}],"predecessor-version":[{"id":161,"href":"http:\/\/www.geosystemjastrzebski.pl\/index.php?rest_route=\/wp\/v2\/pages\/139\/revisions\/161"}],"wp:attachment":[{"href":"http:\/\/www.geosystemjastrzebski.pl\/index.php?rest_route=%2Fwp%2Fv2%2Fmedia&parent=139"}],"curies":[{"name":"wp","href":"https:\/\/api.w.org\/{rel}","templated":true}]}}