{"id":141,"date":"2018-03-11T21:42:11","date_gmt":"2018-03-11T21:42:11","guid":{"rendered":"http:\/\/www.geosystemjastrzebski.pl\/?page_id=141"},"modified":"2018-03-11T23:55:26","modified_gmt":"2018-03-11T23:55:26","slug":"obsluga-geotechniczna","status":"publish","type":"page","link":"http:\/\/www.geosystemjastrzebski.pl\/?page_id=141","title":{"rendered":"Obs\u0142uga geotechniczna"},"content":{"rendered":"<p>&#8211; Inspektor nadzoru inwestorskiego do spraw geologii i geotechniki z ramienia GDDKiA przy budowie drogi S7 od J\u0119drzejowa do granicy wojew\u00f3dztwa \u015bwi\u0119tokrzyskiego i ma\u0142opolskiego<\/p>\n<p>&#8211; obs\u0142uga geotechniczna budowy nowego sklepu Kaufland we Wroc\u0142awiu przy ulicy \u015al\u0119\u017cnej<\/p>\n<p>&#8211; obs\u0142uga geotechniczna budowy drogi le\u015bnej w Dziuplinie<\/p>\n<p>&#8211; obs\u0142uga geotechniczna budowy drogi osiedlowej w D\u0142ugo\u0142\u0119ce<\/p>\n<p>&#8211; obs\u0142uga geotechniczna budowy ulicy gen. J\u00f3zefa Bema w Boguszowie-Gorcach<\/p>\n<p>&#8211; obs\u0142uga geotechniczna budowy przep\u0142awki dla ryb (najd\u0142u\u017cszej w Europie) na Nysie K\u0142odzkiej w Nysie<\/p>\n<p>&#8211; obs\u0142uga geotechniczna remontu drogi wojew\u00f3dzkiej 328 w Wojcieszowie<\/p>\n<p>&#8211; obs\u0142uga geotechniczna budowy nowego osiedla mieszkaniowego w Siechnicach<\/p>\n<p>&#8211; obs\u0142uga geotechniczna budowy Toru wrotkarskiego w Dusznikach Zdr\u00f3j<\/p>\n<p>&#8211; obs\u0142uga geotechniczna budowy hali magazynowej w Wykrotach<\/p>\n<p>&#8211; obs\u0142uga geotechniczna budowy hali magazynowej na terenie ogrodnictwa w Siechnicach<\/p>\n<p>&#8211; obs\u0142uga geotechniczna budowy zespo\u0142u dom\u00f3w wielorodzinnych przy ulicy Osiedlowej w Ligocie Pi\u0119knej<\/p>\n<p>&#8211; obs\u0142uga geotechniczna budowy hali magazynowej w Groblicach<\/p>\n<p>&#8211; obs\u0142uga geotechniczna budowy hali magazynowej w Krapkowicach<\/p>\n<p>&#8211; obs\u0142uga geotechniczna budowy stacji kontroli pojazd\u00f3w w \u017bernikach Wroc\u0142awskich<\/p>\n<p>&#8211; obs\u0142uga geotechniczna budowy hali magazynowej we Wroc\u0142awiu<\/p>\n<p>&#8211; obs\u0142uga geotechniczna modernizacji Jamrozowej Polany<\/p>\n<p>&#8211; obs\u0142uga geotechniczna budowy hali produkcyjnej w Wykrotach<\/p>\n<p>&#8211; obs\u0142uga geotechniczna budowy hali w Z\u0142otoryi<\/p>\n<p>&#8211; obs\u0142uga geotechniczna przy budowie hali dla Mondeleze na Bielanach Wroc\u0142awskich<\/p>\n<p>&#8211; obs\u0142uga geotechniczna rozbudowy III Liceum Og\u00f3lnokszta\u0142c\u0105cego w Zielonej G\u00f3rze<\/p>\n<p>&#8211; obs\u0142uga geotechniczna przy budowie hali na Bielanach Wroc\u0142awskich<\/p>\n<p>&#8211; obs\u0142uga geotechniczna rozbudowy budynku przy ulicy Garbary we Wroc\u0142awiu<\/p>\n<p>&#8211; obs\u0142uga geotechniczna budowy parkingu przy ulicy Po\u015bwi\u0119tnej we Wroc\u0142awiu<\/p>\n<p>&#8211; obs\u0142uga geotechniczna modernizacji wa\u0142\u00f3w wzd\u0142u\u017c rzeki Widawy<\/p>\n<p>&#8211; obs\u0142uga geotechniczna budowy przedszkola w Mroczniu<\/p>\n<p>&#8211; obs\u0142uga geotechniczna budowy zbiornik\u00f3w na Z\u0142otnikach we Wroc\u0142awiu<\/p>\n<p>&#8211; obs\u0142uga geotechniczna budowy hali w Skarbimierzu<\/p>\n<p>&#8211; obs\u0142uga geotechniczna budowy hali w Trzcinicy<\/p>\n<p>&#8211; obs\u0142uga geotechniczna remontu przedszkola w Poznaniu<\/p>\n<p>&#8211; obs\u0142uga geotechniczna budowy myjni samochodowej samoobs\u0142ugowej we Wroc\u0142awiu<\/p>\n<p>&#8211; obs\u0142uga geotechniczna budowy hali sportowej w Kie\u0142czowie<\/p>\n<p>&#8211; obs\u0142uga geotechniczna budowy chodnik\u00f3w na Placu Strzeleckim we Wroc\u0142awiu<\/p>\n<p>&#8211; obs\u0142uga geotechniczna budowy chodnik\u00f3w przy ulicy Na Grobli we Wroc\u0142awiu<\/p>\n<p>&#8211; obs\u0142uga geotechniczna budowy ci\u0105gu technologicznego w Whirlpool<\/p>\n<p>&#8211; obs\u0142uga geotechniczna budowy campingu przy Stadionie Olimpijskim<\/p>\n<p>&#8211; obs\u0142uga geotechniczna budowy budynku mieszkalnego wielorodzinnego w Kie\u0142czowie<\/p>\n<p>&#8211; obs\u0142uga geotechniczna budowy budynk\u00f3w mieszkalnych przy ulicy Buforowej we Wroc\u0142awiu<\/p>\n<p>&#8211; obs\u0142ucha geotechniczna wykonania st\u00f3p fundamentowych w Z\u0142otoryi<\/p>\n<p>&#8211; obs\u0142uga geotechniczna budowy nowej Szko\u0142y Podstawowej w Siechnicach<\/p>\n<p>&#8211; obs\u0142uga geotechniczna budowy hali we Wroc\u0142awiu<\/p>\n<p>&#8211; obs\u0142uga geotechniczna budowy 1,7 km chodnika w M\u0119cince<\/p>\n<p>&#8211; obs\u0142uga geotechniczna budowy st\u00f3p fundamentowych na terenie zak\u0142ad\u00f3w Whirlpool we Wroc\u0142awiu<\/p>\n<p>&#8211; obs\u0142uga geotechniczna budowy 15 km sieci SN w rejonie Milicza<\/p>\n<p>&#8211; obs\u0142uga geotechniczna budowy budynku KRUS w Z\u0105bkowicach \u015al\u0105skich<\/p>\n<p>&#8211; obs\u0142uga geotechniczna budowy osiedla w Jelczu-Laskowicach<\/p>\n<p>&#8211; obs\u0142uga geotechniczna budowy myjni samochodowej w Lubinie<\/p>\n<p>&#8211; obs\u0142uga geotechniczna budowy myjni samochodowej we Wroc\u0142awiu<\/p>\n<p>&#8211; obs\u0142uga geotechniczna budowy hali w Rychtalu<\/p>\n<p>&#8211; obs\u0142uga geotechniczna kanalizacji na terenie Magnolia Park we Wroc\u0142awiu<\/p>\n<p>&#8211; obs\u0142uga geotechniczna budowy hali w Siechnicach<\/p>\n<p>&#8211; obs\u0142uga geotechniczna budowy myjni w Nysie<\/p>\n<p>&#8211; obs\u0142uga geotechniczna remontu ulicy w Z\u0142otym Stoku<\/p>\n<p>&#8211; obs\u0142uga geotechniczna budowy basenu w K\u0119pnie<\/p>\n<p>&#8211; obs\u0142uga geotechniczna budowy osiedla w Iwinach<\/p>\n<p>&#8211; obs\u0142uga geotechniczna budowy ca\u0142ej kanalizacji podposadzkowej w hali XEOS w Komornikach<\/p>\n<p>&#8211; obs\u0142uga geotechniczna zbiornik\u00f3w retencyjnych w Gnie\u017anie<\/p>\n<p>&#8211; obs\u0142uga geotechniczna budynku mieszkalnego w Wieruszowie<\/p>\n<p>&#8211; obs\u0142uga geotechniczna budowy dr\u00f3g przy ulicy Zacisznej w O\u0142awie<\/p>\n<p>&#8211; obs\u0142uga geotechniczna budowy ca\u0142ej hali (7000 metr\u00f3w kwadratowych) w Komornkiach<\/p>\n<p>&#8211; obs\u0142uga geotechniczna remontu autostrady A1 w rejonie Bydgoszczy <\/p>\n<p>&#8211; obs\u0142uga geotechniczna budowy dr\u00f3g przy ulicy Iwaszkiewicza w O\u0142awie<\/p>\n<p>&#8211; obs\u0142uga geotechniczna budowy wjazd\u00f3w przy ulicy Pomorskiej we Wroc\u0142awiu<\/p>\n<p>&#8211; obs\u0142uga geotechniczna budowy osiedla przy ulicy Redyckiej we Wroc\u0142awiu<\/p>\n<p>&#8211; obs\u0142uga geotechniczna budowy kanalizacji na osiedlu Nowe \u017berniki we Wroc\u0142awiu<\/p>\n<p>&#8211; obs\u0142uga geotechniczna budowy kanalizacji na osiedlu Promenady we Wroc\u0142awiu<\/p>\n<p>&#8211; obs\u0142uga geotechniczna budowy osiedla dom\u00f3w wielorodzinnych w Jelczu &#8211; Laskowicach<\/p>\n<p>&#8211; obs\u0142uga geotechniczna wykonania stabilizacji na budowie Biogazowni w \u0141a\u017anikach<\/p>\n<p>&#8211; obs\u0142uga geotechniczna budowy kanalizacji na budowie hali w Komornikach<\/p>\n<p>&#8211; obs\u0142uga geotechniczna budowy drogi gminnej w O\u0142awie<\/p>\n<p>&#8211; obs\u0142uga geotechniczna budowy kanalizacji przy ulicy Iwaszkiewicza w O\u0142awie<\/p>\n<p>&#8211; obs\u0142uga geotechniczna budowy hali w Wilczycach<\/p>\n<p>&#8211; obs\u0142uga geotechniczna budowy kanalizacji w Siechnicach<\/p>\n<p>&#8211; obs\u0142uga geotechniczna budowy sieci SN w Smolcu<\/p>\n<p>&#8211; obs\u0142uga geotechniczna budowy chodnik\u00f3w przy ulicy Prusa we Wroc\u0142awiu<\/p>\n<p>&#8211; obs\u0142uga geotechniczna budowy \u015bwietlicy w Ligocie<\/p>\n<p>&#8211; obs\u0142uga budowy wielorodzinnych budynk\u00f3w mieszkalnych na Jagodnie we Wroc\u0142awiu<\/p>\n","protected":false},"excerpt":{"rendered":"<p>&#8211; Inspektor nadzoru inwestorskiego do spraw geologii i geotechniki z ramienia GDDKiA przy budowie drogi S7 od J\u0119drzejowa do granicy wojew\u00f3dztwa \u015bwi\u0119tokrzyskiego i ma\u0142opolskiego &#8211; obs\u0142uga geotechniczna budowy nowego sklepu Kaufland we Wroc\u0142awiu przy ulicy \u015al\u0119\u017cnej &#8211; obs\u0142uga geotechniczna budowy drogi le\u015bnej w Dziuplinie &#8211; obs\u0142uga geotechniczna budowy drogi osiedlowej w D\u0142ugo\u0142\u0119ce &#8211; obs\u0142uga geotechniczna [&hellip;]<\/p>\n","protected":false},"author":2,"featured_media":0,"parent":0,"menu_order":0,"comment_status":"closed","ping_status":"closed","template":"","meta":[],"_links":{"self":[{"href":"http:\/\/www.geosystemjastrzebski.pl\/index.php?rest_route=\/wp\/v2\/pages\/141"}],"collection":[{"href":"http:\/\/www.geosystemjastrzebski.pl\/index.php?rest_route=\/wp\/v2\/pages"}],"about":[{"href":"http:\/\/www.geosystemjastrzebski.pl\/index.php?rest_route=\/wp\/v2\/types\/page"}],"author":[{"embeddable":true,"href":"http:\/\/www.geosystemjastrzebski.pl\/index.php?rest_route=\/wp\/v2\/users\/2"}],"replies":[{"embeddable":true,"href":"http:\/\/www.geosystemjastrzebski.pl\/index.php?rest_route=%2Fwp%2Fv2%2Fcomments&post=141"}],"version-history":[{"count":4,"href":"http:\/\/www.geosystemjastrzebski.pl\/index.php?rest_route=\/wp\/v2\/pages\/141\/revisions"}],"predecessor-version":[{"id":156,"href":"http:\/\/www.geosystemjastrzebski.pl\/index.php?rest_route=\/wp\/v2\/pages\/141\/revisions\/156"}],"wp:attachment":[{"href":"http:\/\/www.geosystemjastrzebski.pl\/index.php?rest_route=%2Fwp%2Fv2%2Fmedia&parent=141"}],"curies":[{"name":"wp","href":"https:\/\/api.w.org\/{rel}","templated":true}]}}