{"id":165,"date":"2018-03-22T20:32:01","date_gmt":"2018-03-22T20:32:01","guid":{"rendered":"http:\/\/www.geosystemjastrzebski.pl\/?page_id=165"},"modified":"2018-03-23T06:00:46","modified_gmt":"2018-03-23T06:00:46","slug":"wiertnica-reczna","status":"publish","type":"page","link":"http:\/\/www.geosystemjastrzebski.pl\/?page_id=165","title":{"rendered":"Wiertnica r\u0119czna"},"content":{"rendered":"<p><a href=\"http:\/\/www.geosystemjastrzebski.pl\/wp-content\/uploads\/2018\/03\/02a.jpg\"><img decoding=\"async\" loading=\"lazy\" class=\"alignnone size-medium wp-image-193\" src=\"http:\/\/www.geosystemjastrzebski.pl\/wp-content\/uploads\/2018\/03\/02a-201x300.jpg\" alt=\"\" width=\"201\" height=\"300\" srcset=\"http:\/\/www.geosystemjastrzebski.pl\/wp-content\/uploads\/2018\/03\/02a-201x300.jpg 201w, http:\/\/www.geosystemjastrzebski.pl\/wp-content\/uploads\/2018\/03\/02a-624x930.jpg 624w, http:\/\/www.geosystemjastrzebski.pl\/wp-content\/uploads\/2018\/03\/02a.jpg 671w\" sizes=\"(max-width: 201px) 100vw, 201px\" \/><\/a><\/p>\n<p>Posiadamy r\u0119czny zestaw do wykonywania ma\u0142o \u015brednicowych geologicznych wierce\u0144 rozpoznawczych w trudno dost\u0119pnych miejscach. Zestaw zawiera \u015bwidry kute wytwarzane r\u0119cznie\u00a0w ku\u017ani.\u00a0Odznaczaj\u0105 si\u0119 one\u00a0wysok\u0105 wytrzyma\u0142o\u015bci\u0105 na uszkodzenia mechaniczne\u00a0dzi\u0119ki czemu doskonale sprawdz\u0105 si\u0119 podczas r\u0119cznego wiercenia w trudnych warunkach geologicznych. Zestawem tym w zale\u017cno\u015bci od warunk\u00f3w geologicznych mo\u017cemy wykona\u0107 otwory rozpoznawcze do g\u0142\u0119boko\u015bci 6,00 m p.p.t.<\/p>\n","protected":false},"excerpt":{"rendered":"<p>Posiadamy r\u0119czny zestaw do wykonywania ma\u0142o \u015brednicowych geologicznych wierce\u0144 rozpoznawczych w trudno dost\u0119pnych miejscach. Zestaw zawiera \u015bwidry kute wytwarzane r\u0119cznie\u00a0w ku\u017ani.\u00a0Odznaczaj\u0105 si\u0119 one\u00a0wysok\u0105 wytrzyma\u0142o\u015bci\u0105 na uszkodzenia mechaniczne\u00a0dzi\u0119ki czemu doskonale sprawdz\u0105 si\u0119 podczas r\u0119cznego wiercenia w trudnych warunkach geologicznych. Zestawem tym w zale\u017cno\u015bci od warunk\u00f3w geologicznych mo\u017cemy wykona\u0107 otwory rozpoznawcze do g\u0142\u0119boko\u015bci 6,00 m p.p.t.<\/p>\n","protected":false},"author":2,"featured_media":0,"parent":0,"menu_order":0,"comment_status":"closed","ping_status":"closed","template":"","meta":[],"_links":{"self":[{"href":"http:\/\/www.geosystemjastrzebski.pl\/index.php?rest_route=\/wp\/v2\/pages\/165"}],"collection":[{"href":"http:\/\/www.geosystemjastrzebski.pl\/index.php?rest_route=\/wp\/v2\/pages"}],"about":[{"href":"http:\/\/www.geosystemjastrzebski.pl\/index.php?rest_route=\/wp\/v2\/types\/page"}],"author":[{"embeddable":true,"href":"http:\/\/www.geosystemjastrzebski.pl\/index.php?rest_route=\/wp\/v2\/users\/2"}],"replies":[{"embeddable":true,"href":"http:\/\/www.geosystemjastrzebski.pl\/index.php?rest_route=%2Fwp%2Fv2%2Fcomments&post=165"}],"version-history":[{"count":3,"href":"http:\/\/www.geosystemjastrzebski.pl\/index.php?rest_route=\/wp\/v2\/pages\/165\/revisions"}],"predecessor-version":[{"id":215,"href":"http:\/\/www.geosystemjastrzebski.pl\/index.php?rest_route=\/wp\/v2\/pages\/165\/revisions\/215"}],"wp:attachment":[{"href":"http:\/\/www.geosystemjastrzebski.pl\/index.php?rest_route=%2Fwp%2Fv2%2Fmedia&parent=165"}],"curies":[{"name":"wp","href":"https:\/\/api.w.org\/{rel}","templated":true}]}}