{"id":174,"date":"2018-03-22T20:34:01","date_gmt":"2018-03-22T20:34:01","guid":{"rendered":"http:\/\/www.geosystemjastrzebski.pl\/?page_id=174"},"modified":"2018-03-23T05:51:58","modified_gmt":"2018-03-23T05:51:58","slug":"plyta-statyczna-vss","status":"publish","type":"page","link":"http:\/\/www.geosystemjastrzebski.pl\/?page_id=174","title":{"rendered":"P\u0142yta statyczna VSS"},"content":{"rendered":"<p><a href=\"http:\/\/www.geosystemjastrzebski.pl\/wp-content\/uploads\/2018\/03\/P\u0141YTA-STATYCZNA-VSS.jpg\"><img decoding=\"async\" loading=\"lazy\" class=\"alignnone size-medium wp-image-55\" src=\"http:\/\/www.geosystemjastrzebski.pl\/wp-content\/uploads\/2018\/03\/P\u0141YTA-STATYCZNA-VSS-300x234.jpg\" alt=\"\" width=\"300\" height=\"234\" srcset=\"http:\/\/www.geosystemjastrzebski.pl\/wp-content\/uploads\/2018\/03\/P\u0141YTA-STATYCZNA-VSS-300x234.jpg 300w, http:\/\/www.geosystemjastrzebski.pl\/wp-content\/uploads\/2018\/03\/P\u0141YTA-STATYCZNA-VSS-768x598.jpg 768w, http:\/\/www.geosystemjastrzebski.pl\/wp-content\/uploads\/2018\/03\/P\u0141YTA-STATYCZNA-VSS-624x486.jpg 624w, http:\/\/www.geosystemjastrzebski.pl\/wp-content\/uploads\/2018\/03\/P\u0141YTA-STATYCZNA-VSS.jpg 1000w\" sizes=\"(max-width: 300px) 100vw, 300px\" \/><\/a><\/p>\n<div class=\"\">\n<p>P\u0142yta statyczna VSS renomowanej firmy Zak\u0142ad\u00f3w Aparatury Naukowej z Krakowa s\u0142u\u017cy do szybkiej diagnostyki parametr\u00f3w geotechnicznych pod\u0142o\u017ca gruntowego w badaniach in situ. Pozwala na okre\u015blenie odkszta\u0142ceniowych i wytrzyma\u0142o\u015bciowych cech wierzchniej warstwy pod\u0142o\u017ca.<\/p>\n<\/div>\n<div class=\"itemFullText\">\n<p>Aparatura VSS pozwala na okre\u015blenie pierwotnego modu\u0142u odkszta\u0142cenia E1 i wt\u00f3rnego modu\u0142u odkszta\u0142cenia E2 (zwanego r\u00f3wnie\u017c modu\u0142em odkszta\u0142cenia spr\u0119\u017cystego) oraz wska\u017anika odkszta\u0142cenia I0 (stosunku E2\/E1). Badanie polega na pomiarze odkszta\u0142ce\u0144 pionowych badanej warstwy pod\u0142o\u017ca pod wp\u0142ywem nacisku statycznego wywieranego za pomoc\u0105 stalowej okr\u0105g\u0142ej p\u0142yty. Nacisk na p\u0142yt\u0119 wywierany jest za po\u015brednictwem si\u0142ownika hydraulicznego. P\u0142yta VSS jest szczeg\u00f3lnie przydatna do badania zag\u0119szczenia powierzchni podatnych oraz pod\u0142o\u017ca drogowego.<\/p>\n<p>Badanie charakteryzuje stref\u0119 do g\u0142\u0119boko\u015bci 30-50 cm poni\u017cej p\u0142yty. Cykl pomiarowy w terenie trwa oko\u0142o dw\u00f3ch godzin. Badanie polega na pomiarze osiadania gruntu pod p\u0142yt\u0105 przy stopniowym obci\u0105\u017caniu go przy pomocy przeciwwagi.<\/p>\n<\/div>\n","protected":false},"excerpt":{"rendered":"<p>P\u0142yta statyczna VSS renomowanej firmy Zak\u0142ad\u00f3w Aparatury Naukowej z Krakowa s\u0142u\u017cy do szybkiej diagnostyki parametr\u00f3w geotechnicznych pod\u0142o\u017ca gruntowego w badaniach in situ. Pozwala na okre\u015blenie odkszta\u0142ceniowych i wytrzyma\u0142o\u015bciowych cech wierzchniej warstwy pod\u0142o\u017ca. Aparatura VSS pozwala na okre\u015blenie pierwotnego modu\u0142u odkszta\u0142cenia E1 i wt\u00f3rnego modu\u0142u odkszta\u0142cenia E2 (zwanego r\u00f3wnie\u017c modu\u0142em odkszta\u0142cenia spr\u0119\u017cystego) oraz wska\u017anika odkszta\u0142cenia I0 [&hellip;]<\/p>\n","protected":false},"author":2,"featured_media":0,"parent":0,"menu_order":0,"comment_status":"closed","ping_status":"closed","template":"","meta":[],"_links":{"self":[{"href":"http:\/\/www.geosystemjastrzebski.pl\/index.php?rest_route=\/wp\/v2\/pages\/174"}],"collection":[{"href":"http:\/\/www.geosystemjastrzebski.pl\/index.php?rest_route=\/wp\/v2\/pages"}],"about":[{"href":"http:\/\/www.geosystemjastrzebski.pl\/index.php?rest_route=\/wp\/v2\/types\/page"}],"author":[{"embeddable":true,"href":"http:\/\/www.geosystemjastrzebski.pl\/index.php?rest_route=\/wp\/v2\/users\/2"}],"replies":[{"embeddable":true,"href":"http:\/\/www.geosystemjastrzebski.pl\/index.php?rest_route=%2Fwp%2Fv2%2Fcomments&post=174"}],"version-history":[{"count":3,"href":"http:\/\/www.geosystemjastrzebski.pl\/index.php?rest_route=\/wp\/v2\/pages\/174\/revisions"}],"predecessor-version":[{"id":212,"href":"http:\/\/www.geosystemjastrzebski.pl\/index.php?rest_route=\/wp\/v2\/pages\/174\/revisions\/212"}],"wp:attachment":[{"href":"http:\/\/www.geosystemjastrzebski.pl\/index.php?rest_route=%2Fwp%2Fv2%2Fmedia&parent=174"}],"curies":[{"name":"wp","href":"https:\/\/api.w.org\/{rel}","templated":true}]}}