{"id":180,"date":"2018-03-22T20:35:34","date_gmt":"2018-03-22T20:35:34","guid":{"rendered":"http:\/\/www.geosystemjastrzebski.pl\/?page_id=180"},"modified":"2018-04-02T16:37:54","modified_gmt":"2018-04-02T16:37:54","slug":"penetrometr-tloczkowy","status":"publish","type":"page","link":"http:\/\/www.geosystemjastrzebski.pl\/?page_id=180","title":{"rendered":"Penetrometr t\u0142oczkowy"},"content":{"rendered":"<p><a href=\"http:\/\/www.geosystemjastrzebski.pl\/wp-content\/uploads\/2018\/03\/penetrometr-t\u0142oczkowy.jpg\"><img decoding=\"async\" loading=\"lazy\" class=\"alignnone size-medium wp-image-53\" src=\"http:\/\/www.geosystemjastrzebski.pl\/wp-content\/uploads\/2018\/03\/penetrometr-t\u0142oczkowy-300x300.jpg\" alt=\"\" width=\"300\" height=\"300\" srcset=\"http:\/\/www.geosystemjastrzebski.pl\/wp-content\/uploads\/2018\/03\/penetrometr-t\u0142oczkowy-300x300.jpg 300w, http:\/\/www.geosystemjastrzebski.pl\/wp-content\/uploads\/2018\/03\/penetrometr-t\u0142oczkowy-150x150.jpg 150w, http:\/\/www.geosystemjastrzebski.pl\/wp-content\/uploads\/2018\/03\/penetrometr-t\u0142oczkowy.jpg 600w\" sizes=\"(max-width: 300px) 100vw, 300px\" \/><\/a><\/p>\n<p>To ma\u0142e urz\u0105dzenie (nazywane te\u017c cz\u0119sto penetrometrem kieszonkowym) s\u0142u\u017cy do badania sp\u00f3jno\u015bci gruntu. Przyrz\u0105d ten sk\u0142ada si\u0119 z grubego trzpienia, w kt\u00f3rym umieszczono miark\u0119, spr\u0119\u017cyn\u0119 oraz w\u0105ski metalowy pr\u0119t pomiarowy o p\u0142askim zako\u0144czeniu, kt\u00f3rym wykonuje si\u0119 badanie bezpo\u015brednie w pobranej pr\u00f3bie gruntu lub w dnie albo na \u015bcianie wykopu.<\/p>\n","protected":false},"excerpt":{"rendered":"<p>To ma\u0142e urz\u0105dzenie (nazywane te\u017c cz\u0119sto penetrometrem kieszonkowym) s\u0142u\u017cy do badania sp\u00f3jno\u015bci gruntu. Przyrz\u0105d ten sk\u0142ada si\u0119 z grubego trzpienia, w kt\u00f3rym umieszczono miark\u0119, spr\u0119\u017cyn\u0119 oraz w\u0105ski metalowy pr\u0119t pomiarowy o p\u0142askim zako\u0144czeniu, kt\u00f3rym wykonuje si\u0119 badanie bezpo\u015brednie w pobranej pr\u00f3bie gruntu lub w dnie albo na \u015bcianie wykopu.<\/p>\n","protected":false},"author":2,"featured_media":0,"parent":0,"menu_order":0,"comment_status":"closed","ping_status":"closed","template":"","meta":[],"_links":{"self":[{"href":"http:\/\/www.geosystemjastrzebski.pl\/index.php?rest_route=\/wp\/v2\/pages\/180"}],"collection":[{"href":"http:\/\/www.geosystemjastrzebski.pl\/index.php?rest_route=\/wp\/v2\/pages"}],"about":[{"href":"http:\/\/www.geosystemjastrzebski.pl\/index.php?rest_route=\/wp\/v2\/types\/page"}],"author":[{"embeddable":true,"href":"http:\/\/www.geosystemjastrzebski.pl\/index.php?rest_route=\/wp\/v2\/users\/2"}],"replies":[{"embeddable":true,"href":"http:\/\/www.geosystemjastrzebski.pl\/index.php?rest_route=%2Fwp%2Fv2%2Fcomments&post=180"}],"version-history":[{"count":5,"href":"http:\/\/www.geosystemjastrzebski.pl\/index.php?rest_route=\/wp\/v2\/pages\/180\/revisions"}],"predecessor-version":[{"id":239,"href":"http:\/\/www.geosystemjastrzebski.pl\/index.php?rest_route=\/wp\/v2\/pages\/180\/revisions\/239"}],"wp:attachment":[{"href":"http:\/\/www.geosystemjastrzebski.pl\/index.php?rest_route=%2Fwp%2Fv2%2Fmedia&parent=180"}],"curies":[{"name":"wp","href":"https:\/\/api.w.org\/{rel}","templated":true}]}}