{"id":27,"date":"2018-03-04T08:54:54","date_gmt":"2018-03-04T08:54:54","guid":{"rendered":"http:\/\/www.geosystemjastrzebski.pl\/?page_id=27"},"modified":"2018-03-23T06:25:48","modified_gmt":"2018-03-23T06:25:48","slug":"strona-glowna","status":"publish","type":"page","link":"http:\/\/www.geosystemjastrzebski.pl\/","title":{"rendered":"Strona G\u0142\u00f3wna"},"content":{"rendered":"<h1 class=\"entry-title\">Witamy na stronie Geosystem Jacek Jastrz\u0119bski<\/h1>\n<p><span class=\"text_exposed_show\">Firma <strong>Geosystem Jacek Jastrz\u0119bski<\/strong> jest firm\u0105 zajmuj\u0105c\u0105 si\u0119 szeroko poj\u0119t\u0105 geologi\u0105, geotechnik\u0105 oraz geologi\u0105 in\u017cyniersk\u0105 na ka\u017cdym etapie realizacji inwestycji.<br \/>\n<\/span><\/p>\n<p>Firma oferuje badania grunt\u00f3w dla potrzeb przygotowania miejscowych plan\u00f3w zagospodarowania przestrzennego oraz projekt\u00f3w budownictwa liniowego i kubaturowego<br \/>\nw tym obiekt\u00f3w mieszkalnych, us\u0142ugowych i przemys\u0142owych.<\/p>\n<p>Oferta firmy skierowana jest do os\u00f3b prywatnych, przedsi\u0119biorstw i instytucji z sektora prywatnego oraz publicznego. Firma realizuje prace geologiczne i geotechniczne na terenie ca\u0142ego kraju.<\/p>\n<p>&nbsp;<\/p>\n","protected":false},"excerpt":{"rendered":"<p>Witamy na stronie Geosystem Jacek Jastrz\u0119bski Firma Geosystem Jacek Jastrz\u0119bski jest firm\u0105 zajmuj\u0105c\u0105 si\u0119 szeroko poj\u0119t\u0105 geologi\u0105, geotechnik\u0105 oraz geologi\u0105 in\u017cyniersk\u0105 na ka\u017cdym etapie realizacji inwestycji. Firma oferuje badania grunt\u00f3w dla potrzeb przygotowania miejscowych plan\u00f3w zagospodarowania przestrzennego oraz projekt\u00f3w budownictwa liniowego i kubaturowego w tym obiekt\u00f3w mieszkalnych, us\u0142ugowych i przemys\u0142owych. Oferta firmy skierowana jest do [&hellip;]<\/p>\n","protected":false},"author":1,"featured_media":0,"parent":0,"menu_order":0,"comment_status":"closed","ping_status":"closed","template":"","meta":[],"_links":{"self":[{"href":"http:\/\/www.geosystemjastrzebski.pl\/index.php?rest_route=\/wp\/v2\/pages\/27"}],"collection":[{"href":"http:\/\/www.geosystemjastrzebski.pl\/index.php?rest_route=\/wp\/v2\/pages"}],"about":[{"href":"http:\/\/www.geosystemjastrzebski.pl\/index.php?rest_route=\/wp\/v2\/types\/page"}],"author":[{"embeddable":true,"href":"http:\/\/www.geosystemjastrzebski.pl\/index.php?rest_route=\/wp\/v2\/users\/1"}],"replies":[{"embeddable":true,"href":"http:\/\/www.geosystemjastrzebski.pl\/index.php?rest_route=%2Fwp%2Fv2%2Fcomments&post=27"}],"version-history":[{"count":9,"href":"http:\/\/www.geosystemjastrzebski.pl\/index.php?rest_route=\/wp\/v2\/pages\/27\/revisions"}],"predecessor-version":[{"id":222,"href":"http:\/\/www.geosystemjastrzebski.pl\/index.php?rest_route=\/wp\/v2\/pages\/27\/revisions\/222"}],"wp:attachment":[{"href":"http:\/\/www.geosystemjastrzebski.pl\/index.php?rest_route=%2Fwp%2Fv2%2Fmedia&parent=27"}],"curies":[{"name":"wp","href":"https:\/\/api.w.org\/{rel}","templated":true}]}}