{"id":30,"date":"2018-03-04T08:55:12","date_gmt":"2018-03-04T08:55:12","guid":{"rendered":"http:\/\/www.geosystemjastrzebski.pl\/?page_id=30"},"modified":"2018-03-12T06:22:13","modified_gmt":"2018-03-12T06:22:13","slug":"uslugi","status":"publish","type":"page","link":"http:\/\/www.geosystemjastrzebski.pl\/?page_id=30","title":{"rendered":"Oferta"},"content":{"rendered":"<p>Firma <strong>Geosyetem Jacek Jastrz\u0119bski<\/strong> w swoim zakresie mo\u017ce Pa\u0144stwu zaoferowa\u0107:<\/p>\n<p><strong>W ZAKRESIE GEOTECHNIKI I GEOLOGII IN\u017bYNIERSKIEJ<\/strong><br \/>\n&#8211; opracowanie Projekt\u00f3w rob\u00f3t geologicznych<br \/>\n&#8211; opracowanie Opinii geotechnicznych<br \/>\n&#8211; opracowanie Dokumentacji bada\u0144 pod\u0142o\u017ca gruntowego<br \/>\n&#8211; opracowanie Dokumentacji geologiczno-in\u017cynierskich<br \/>\n&#8211; opracowanie Projekt\u00f3w geotechnicznych<\/p>\n<p><strong>W ZAKRESIE GEOTECHNICZNEJ OBS\u0141UGI BUD\u00d3W<\/strong><br \/>\n&#8211; kontrol\u0119 jako\u015bci prowadzonych rob\u00f3t ziemnych<br \/>\n&#8211; odbiory geotechniczne wykop\u00f3w budowlanych<br \/>\n&#8211; badania zag\u0119szczenia i no\u015bno\u015bci pod\u0142o\u017ca oraz nasyp\u00f3w za pomoc\u0105 p\u0142yty statycznej VSS<br \/>\n&#8211; badania zag\u0119szczenia i no\u015bno\u015bci pod\u0142o\u017ca oraz nasyp\u00f3w za pomoc\u0105 p\u0142yty dynamicznej<br \/>\n&#8211; badania zag\u0119szczenia pod\u0142o\u017ca oraz nasyp\u00f3w za pomoc\u0105 lekkiej sondy dynamicznej DPL<br \/>\n&#8211; nadzory inwestorskie<\/p>\n<p>Wszystkie realizowane przez firm\u0119 <strong>Geosystem Jacek Jastrz\u0119bski<\/strong> opracowania, prace oraz badania geologiczne i geotechniczne s\u0105 realizowane zgodnie z obowi\u0105zuj\u0105cymi przepisami<br \/>\ni aktami prawnymi oraz normami bran\u017cowymi w tym tak\u017ce EUROKOD 7.<\/p>\n","protected":false},"excerpt":{"rendered":"<p>Firma Geosyetem Jacek Jastrz\u0119bski w swoim zakresie mo\u017ce Pa\u0144stwu zaoferowa\u0107: W ZAKRESIE GEOTECHNIKI I GEOLOGII IN\u017bYNIERSKIEJ &#8211; opracowanie Projekt\u00f3w rob\u00f3t geologicznych &#8211; opracowanie Opinii geotechnicznych &#8211; opracowanie Dokumentacji bada\u0144 pod\u0142o\u017ca gruntowego &#8211; opracowanie Dokumentacji geologiczno-in\u017cynierskich &#8211; opracowanie Projekt\u00f3w geotechnicznych W ZAKRESIE GEOTECHNICZNEJ OBS\u0141UGI BUD\u00d3W &#8211; kontrol\u0119 jako\u015bci prowadzonych rob\u00f3t ziemnych &#8211; odbiory geotechniczne wykop\u00f3w budowlanych [&hellip;]<\/p>\n","protected":false},"author":1,"featured_media":0,"parent":0,"menu_order":0,"comment_status":"closed","ping_status":"closed","template":"","meta":[],"_links":{"self":[{"href":"http:\/\/www.geosystemjastrzebski.pl\/index.php?rest_route=\/wp\/v2\/pages\/30"}],"collection":[{"href":"http:\/\/www.geosystemjastrzebski.pl\/index.php?rest_route=\/wp\/v2\/pages"}],"about":[{"href":"http:\/\/www.geosystemjastrzebski.pl\/index.php?rest_route=\/wp\/v2\/types\/page"}],"author":[{"embeddable":true,"href":"http:\/\/www.geosystemjastrzebski.pl\/index.php?rest_route=\/wp\/v2\/users\/1"}],"replies":[{"embeddable":true,"href":"http:\/\/www.geosystemjastrzebski.pl\/index.php?rest_route=%2Fwp%2Fv2%2Fcomments&post=30"}],"version-history":[{"count":15,"href":"http:\/\/www.geosystemjastrzebski.pl\/index.php?rest_route=\/wp\/v2\/pages\/30\/revisions"}],"predecessor-version":[{"id":159,"href":"http:\/\/www.geosystemjastrzebski.pl\/index.php?rest_route=\/wp\/v2\/pages\/30\/revisions\/159"}],"wp:attachment":[{"href":"http:\/\/www.geosystemjastrzebski.pl\/index.php?rest_route=%2Fwp%2Fv2%2Fmedia&parent=30"}],"curies":[{"name":"wp","href":"https:\/\/api.w.org\/{rel}","templated":true}]}}