{"id":66,"date":"2018-03-05T04:39:39","date_gmt":"2018-03-05T04:39:39","guid":{"rendered":"http:\/\/www.geosystemjastrzebski.pl\/?page_id=66"},"modified":"2023-06-07T05:09:57","modified_gmt":"2023-06-07T05:09:57","slug":"kontakt","status":"publish","type":"page","link":"http:\/\/www.geosystemjastrzebski.pl\/?page_id=66","title":{"rendered":"Kontakt"},"content":{"rendered":"<div class=\"_5aj7 _3-8j _20ud\">\n<p>&nbsp;<\/p>\n<p><a href=\"http:\/\/www.geosystemjastrzebski.pl\/wp-content\/uploads\/2018\/03\/ja.jpg\"><img decoding=\"async\" loading=\"lazy\" class=\" wp-image-195 alignright\" src=\"http:\/\/www.geosystemjastrzebski.pl\/wp-content\/uploads\/2018\/03\/ja-300x300.jpg\" alt=\"\" width=\"153\" height=\"153\" srcset=\"http:\/\/www.geosystemjastrzebski.pl\/wp-content\/uploads\/2018\/03\/ja-300x300.jpg 300w, http:\/\/www.geosystemjastrzebski.pl\/wp-content\/uploads\/2018\/03\/ja-150x150.jpg 150w, http:\/\/www.geosystemjastrzebski.pl\/wp-content\/uploads\/2018\/03\/ja.jpg 462w\" sizes=\"(max-width: 153px) 100vw, 153px\" \/><\/a><strong>mgr Jacek Jastrz\u0119bski<\/strong><\/p>\n<p>upr. nr VII-1491<br \/>\nupr. nr XI\/2\/2008<br \/>\nupr. WRO\/J-0013\/1\/11<br \/>\nupr. WRO\/J-0013\/4\/2007<br \/>\nIn\u017cynier g\u00f3rniczy I stopnia<\/p>\n<div class=\"_4bl9\">\n<p><strong>Geosystem Jacek Jastrz\u0119bski<\/strong><br \/>\nul. Bukowa 15<br \/>\n55-100 \u015awi\u0105tniki<br \/>\nNIP: 899-251-74-71<\/p>\n<div>tel: <strong>604 903 161<\/strong><br \/>\ne-mail: <strong>jacek-jastrzebski@o2.pl<\/strong><br \/>\ne-mail: <strong>biuro@geosystemjastrzebski.pl<\/strong><\/div>\n<p><strong><strong><br \/>\n<div id=\"lmm_3753d401\" style=\"width:640px;\" class=\"mapsmarker markermap marker-2\">\n<div id=\"lmm_panel_3753d401\" class=\"lmm-panel\" style=\"background:#efefef;\">\n<div id=\"lmm_panel_api_3753d401\" class=\"lmm-panel-api\"><a href=\"https:\/\/maps.google.com\/maps?daddr=51.005816,17.187821&amp;t=m&amp;layer=1&amp;doflg=ptk&amp;om=0\" target=\"_blank\" title=\"Jak dojecha\u0107\"><img alt=\"icon-car.png\" src=\"http:\/\/www.geosystemjastrzebski.pl\/wp-content\/plugins\/leaflet-maps-marker\/inc\/img\/icon-car.png\" width=\"14\" height=\"14\" class=\"lmm-panel-api-images\" \/><\/a><\/div><div id=\"lmm_panel_text_3753d401\" class=\"lmm-panel-text\" style=\"font-weight:bold;color:#373737;\">Geosystem Jacek Jastrz\u0119bski<\/div><\/div>\n<div id=\"lmm_map_3753d401\" class=\"lmm-map\" style=\"background:#f6f6f6;border:1px solid #ccc;height:480px; overflow:hidden;padding:0;\"><p style=\"font-size:80%;color:#9f9e9e;margin-left:5px;\">\u0142adowanie mapy - prosz\u0119 czeka\u0107...<noscript><br\/><strong>Mapa nie mo\u017ce by\u0107 zaczytana - prosz\u0119 w\u0142\u0105czy\u0107 obs\u0142ug\u0119 Javascript!<\/strong><br\/><a style=\"text-decoration:none;\" href=\"https:\/\/www.mapsmarker.com\/js-disabled\" target=\"_blank\">&rarr; wi\u0119cej informacji<\/a><\/noscript><\/p><\/div>\n<div id=\"lmm_geo_tags_3753d401\" class=\"lmm-geo-tags geo\">\n<span class=\"paneltext\">Geosystem Jacek Jastrz\u0119bski<\/span>\n<span class=\"latitude\">51.005816<\/span>, <span class=\"longitude\">17.187821<\/span>\n<span class=\"popuptext\"><\/span>\n<\/div>\n<\/div><\/strong><\/strong><\/p>\n<\/div>\n<\/div>\n","protected":false},"excerpt":{"rendered":"<p>&nbsp; mgr Jacek Jastrz\u0119bski upr. nr VII-1491 upr. nr XI\/2\/2008 upr. WRO\/J-0013\/1\/11 upr. WRO\/J-0013\/4\/2007 In\u017cynier g\u00f3rniczy I stopnia Geosystem Jacek Jastrz\u0119bski ul. Bukowa 15 55-100 \u015awi\u0105tniki NIP: 899-251-74-71 tel: 604 903 161 e-mail: jacek-jastrzebski@o2.pl e-mail: biuro@geosystemjastrzebski.pl<\/p>\n","protected":false},"author":1,"featured_media":0,"parent":0,"menu_order":0,"comment_status":"closed","ping_status":"closed","template":"","meta":[],"_links":{"self":[{"href":"http:\/\/www.geosystemjastrzebski.pl\/index.php?rest_route=\/wp\/v2\/pages\/66"}],"collection":[{"href":"http:\/\/www.geosystemjastrzebski.pl\/index.php?rest_route=\/wp\/v2\/pages"}],"about":[{"href":"http:\/\/www.geosystemjastrzebski.pl\/index.php?rest_route=\/wp\/v2\/types\/page"}],"author":[{"embeddable":true,"href":"http:\/\/www.geosystemjastrzebski.pl\/index.php?rest_route=\/wp\/v2\/users\/1"}],"replies":[{"embeddable":true,"href":"http:\/\/www.geosystemjastrzebski.pl\/index.php?rest_route=%2Fwp%2Fv2%2Fcomments&post=66"}],"version-history":[{"count":22,"href":"http:\/\/www.geosystemjastrzebski.pl\/index.php?rest_route=\/wp\/v2\/pages\/66\/revisions"}],"predecessor-version":[{"id":260,"href":"http:\/\/www.geosystemjastrzebski.pl\/index.php?rest_route=\/wp\/v2\/pages\/66\/revisions\/260"}],"wp:attachment":[{"href":"http:\/\/www.geosystemjastrzebski.pl\/index.php?rest_route=%2Fwp%2Fv2%2Fmedia&parent=66"}],"curies":[{"name":"wp","href":"https:\/\/api.w.org\/{rel}","templated":true}]}}