{"id":81,"date":"2018-03-11T12:11:14","date_gmt":"2018-03-11T12:11:14","guid":{"rendered":"http:\/\/www.geosystemjastrzebski.pl\/?page_id=81"},"modified":"2018-03-23T17:33:11","modified_gmt":"2018-03-23T17:33:11","slug":"sprzet","status":"publish","type":"page","link":"http:\/\/www.geosystemjastrzebski.pl\/?page_id=81","title":{"rendered":"Sprz\u0119t"},"content":{"rendered":"<p>Firma\u00a0<strong>Geosystem Jacek Jastrz\u0119bski<\/strong> dysponuje szerok\u0105 gam\u0105 w\u0142asnych profesjonalnych urz\u0105dze\u0144 pomiarowych i badawczych do wykonywania bada\u0144 geologicznych i geotechnicznych.<\/p>\n","protected":false},"excerpt":{"rendered":"<p>Firma\u00a0Geosystem Jacek Jastrz\u0119bski dysponuje szerok\u0105 gam\u0105 w\u0142asnych profesjonalnych urz\u0105dze\u0144 pomiarowych i badawczych do wykonywania bada\u0144 geologicznych i geotechnicznych.<\/p>\n","protected":false},"author":2,"featured_media":0,"parent":0,"menu_order":0,"comment_status":"closed","ping_status":"closed","template":"","meta":[],"_links":{"self":[{"href":"http:\/\/www.geosystemjastrzebski.pl\/index.php?rest_route=\/wp\/v2\/pages\/81"}],"collection":[{"href":"http:\/\/www.geosystemjastrzebski.pl\/index.php?rest_route=\/wp\/v2\/pages"}],"about":[{"href":"http:\/\/www.geosystemjastrzebski.pl\/index.php?rest_route=\/wp\/v2\/types\/page"}],"author":[{"embeddable":true,"href":"http:\/\/www.geosystemjastrzebski.pl\/index.php?rest_route=\/wp\/v2\/users\/2"}],"replies":[{"embeddable":true,"href":"http:\/\/www.geosystemjastrzebski.pl\/index.php?rest_route=%2Fwp%2Fv2%2Fcomments&post=81"}],"version-history":[{"count":6,"href":"http:\/\/www.geosystemjastrzebski.pl\/index.php?rest_route=\/wp\/v2\/pages\/81\/revisions"}],"predecessor-version":[{"id":226,"href":"http:\/\/www.geosystemjastrzebski.pl\/index.php?rest_route=\/wp\/v2\/pages\/81\/revisions\/226"}],"wp:attachment":[{"href":"http:\/\/www.geosystemjastrzebski.pl\/index.php?rest_route=%2Fwp%2Fv2%2Fmedia&parent=81"}],"curies":[{"name":"wp","href":"https:\/\/api.w.org\/{rel}","templated":true}]}}