{"id":85,"date":"2018-03-11T19:26:24","date_gmt":"2018-03-11T19:26:24","guid":{"rendered":"http:\/\/www.geosystemjastrzebski.pl\/?page_id=85"},"modified":"2018-03-12T06:27:22","modified_gmt":"2018-03-12T06:27:22","slug":"realizacje","status":"publish","type":"page","link":"http:\/\/www.geosystemjastrzebski.pl\/?page_id=85","title":{"rendered":"Realizacje"},"content":{"rendered":"<div>Firma <strong>Geosystem Jacek Jastrz\u0119bski<\/strong> wykona\u0142a w okresie swojej dzia\u0142alno\u015bci ju\u017c wiele Opinii geotechnicznych (OG), Dokumentacji bada\u0144 pod\u0142o\u017ca gruntowego (DBPG), Dokumentacji geologiczno-in\u017cynierskich (DGI) na podstawie Projekt\u00f3w rob\u00f3t geologicznych (PRG) oraz Projekt\u00f3w geotechnicznych (PG) oraz wiele innych opracowa\u0144 z zakresu geologii, geotechniki i geologii in\u017cynierskiej w tym ponad 100 Opinii geotechnicznych dla posadowienia dom\u00f3w jednorodzinnych. R\u00f3wnocze\u015bnie firma uczestniczy w zakresie obs\u0142ugi geotechnicznej przy realizacji wielu inwestycji budowlanych.<\/div>\n<div><\/div>\n","protected":false},"excerpt":{"rendered":"<p>Firma Geosystem Jacek Jastrz\u0119bski wykona\u0142a w okresie swojej dzia\u0142alno\u015bci ju\u017c wiele Opinii geotechnicznych (OG), Dokumentacji bada\u0144 pod\u0142o\u017ca gruntowego (DBPG), Dokumentacji geologiczno-in\u017cynierskich (DGI) na podstawie Projekt\u00f3w rob\u00f3t geologicznych (PRG) oraz Projekt\u00f3w geotechnicznych (PG) oraz wiele innych opracowa\u0144 z zakresu geologii, geotechniki i geologii in\u017cynierskiej w tym ponad 100 Opinii geotechnicznych dla posadowienia dom\u00f3w jednorodzinnych. R\u00f3wnocze\u015bnie firma [&hellip;]<\/p>\n","protected":false},"author":2,"featured_media":0,"parent":0,"menu_order":0,"comment_status":"closed","ping_status":"closed","template":"","meta":[],"_links":{"self":[{"href":"http:\/\/www.geosystemjastrzebski.pl\/index.php?rest_route=\/wp\/v2\/pages\/85"}],"collection":[{"href":"http:\/\/www.geosystemjastrzebski.pl\/index.php?rest_route=\/wp\/v2\/pages"}],"about":[{"href":"http:\/\/www.geosystemjastrzebski.pl\/index.php?rest_route=\/wp\/v2\/types\/page"}],"author":[{"embeddable":true,"href":"http:\/\/www.geosystemjastrzebski.pl\/index.php?rest_route=\/wp\/v2\/users\/2"}],"replies":[{"embeddable":true,"href":"http:\/\/www.geosystemjastrzebski.pl\/index.php?rest_route=%2Fwp%2Fv2%2Fcomments&post=85"}],"version-history":[{"count":5,"href":"http:\/\/www.geosystemjastrzebski.pl\/index.php?rest_route=\/wp\/v2\/pages\/85\/revisions"}],"predecessor-version":[{"id":162,"href":"http:\/\/www.geosystemjastrzebski.pl\/index.php?rest_route=\/wp\/v2\/pages\/85\/revisions\/162"}],"wp:attachment":[{"href":"http:\/\/www.geosystemjastrzebski.pl\/index.php?rest_route=%2Fwp%2Fv2%2Fmedia&parent=85"}],"curies":[{"name":"wp","href":"https:\/\/api.w.org\/{rel}","templated":true}]}}