{"id":95,"date":"2018-03-11T19:46:24","date_gmt":"2018-03-11T19:46:24","guid":{"rendered":"http:\/\/www.geosystemjastrzebski.pl\/?page_id=95"},"modified":"2018-05-15T19:08:13","modified_gmt":"2018-05-15T19:08:13","slug":"uprawnienia","status":"publish","type":"page","link":"http:\/\/www.geosystemjastrzebski.pl\/?page_id=95","title":{"rendered":"Uprawnienia"},"content":{"rendered":"<p>Kadra firmy <strong>Geosystem Jacek Jastrz\u0119bski<\/strong> posiada wszystkie wymagane przepisami prawa uprawnienia do realizowania oferowanych przez siebie prac geologicznych i geotechnicznych oraz bogate do\u015bwiadczenie i wysokie kwalifikacje zawodowe poparte wieloletnim do\u015bwiadczeniem.<\/p>\n<p><a href=\"http:\/\/www.geosystemjastrzebski.pl\/wp-content\/uploads\/2018\/03\/uprawnienia-geologiczne-VII.pdf\">Uprawnienia nr VII-1491 \u2013 uprawnienia geologiczne kategorii VII w zakresie ustalania warunk\u00f3w geologiczno-in\u017cynierskich dla potrzeb zagospodarowania przestrzennego i posadowienia obiekt\u00f3w budowlanych, z wy\u0142\u0105czeniem posadowienia obiekt\u00f3w budowlanych zak\u0142ad\u00f3w g\u00f3rniczych oraz budownictwa wodnego<\/a><\/p>\n<p><a href=\"http:\/\/www.geosystemjastrzebski.pl\/wp-content\/uploads\/2018\/03\/uprawnienia-geologiczne-XI.pdf\">Uprawnienia nr XI\/2\/2008 \u2013 uprawnienia kategorii XI w zakresie wykonywania czynno\u015bci dozoru geologicznego nad pracami geologicznymi, z wyj\u0105tkiem bada\u0144 geofizycznych<\/a><\/p>\n<p><a href=\"http:\/\/www.geosystemjastrzebski.pl\/wp-content\/uploads\/2018\/03\/dozor-wyzszy-geologiczny.pdf\">Uprawnienia nr WRO\/J-0013\/1\/11 \u2013 uprawnienia osoby wy\u017cszego dozoru ruchu specjalno\u015bci technicznej geologicznej i hydrogeologicznej w zak\u0142adach wykonuj\u0105cych roboty geologiczne technik\u0105 wiertnicz\u0105 w ramach poszukiwania i rozpoznawania z\u0142\u00f3\u017c kopalin innych ni\u017c ropa naftowa i gaz ziemny do g\u0142\u0119boko\u015bci wi\u0119kszych ni\u017c 500 metr\u00f3w<\/a><\/p>\n<p><a href=\"http:\/\/www.geosystemjastrzebski.pl\/wp-content\/uploads\/2018\/03\/dozor-nizszy-gorniczy.pdf\">Uprawnienia nr WRO\/J-0013\/4\/2007 \u2013 uprawnienia osoby ni\u017cszego dozoru ruchu specjalno\u015bci g\u00f3rniczej w zak\u0142adach g\u00f3rniczych odkrywkowych wydobywaj\u0105cych kopaliny pospolite bez u\u017cycia materia\u0142\u00f3w wybuchowych<\/a><\/p>\n<p><a href=\"http:\/\/www.geosystemjastrzebski.pl\/wp-content\/uploads\/2018\/05\/In\u017cynier-g\u00f3rniczy-I-stopnia.pdf\">In\u017cynier g\u00f3rniczy I stopnia<\/a><\/p>\n","protected":false},"excerpt":{"rendered":"<p>Kadra firmy Geosystem Jacek Jastrz\u0119bski posiada wszystkie wymagane przepisami prawa uprawnienia do realizowania oferowanych przez siebie prac geologicznych i geotechnicznych oraz bogate do\u015bwiadczenie i wysokie kwalifikacje zawodowe poparte wieloletnim do\u015bwiadczeniem. Uprawnienia nr VII-1491 \u2013 uprawnienia geologiczne kategorii VII w zakresie ustalania warunk\u00f3w geologiczno-in\u017cynierskich dla potrzeb zagospodarowania przestrzennego i posadowienia obiekt\u00f3w budowlanych, z wy\u0142\u0105czeniem posadowienia obiekt\u00f3w [&hellip;]<\/p>\n","protected":false},"author":2,"featured_media":0,"parent":0,"menu_order":0,"comment_status":"closed","ping_status":"closed","template":"","meta":[],"_links":{"self":[{"href":"http:\/\/www.geosystemjastrzebski.pl\/index.php?rest_route=\/wp\/v2\/pages\/95"}],"collection":[{"href":"http:\/\/www.geosystemjastrzebski.pl\/index.php?rest_route=\/wp\/v2\/pages"}],"about":[{"href":"http:\/\/www.geosystemjastrzebski.pl\/index.php?rest_route=\/wp\/v2\/types\/page"}],"author":[{"embeddable":true,"href":"http:\/\/www.geosystemjastrzebski.pl\/index.php?rest_route=\/wp\/v2\/users\/2"}],"replies":[{"embeddable":true,"href":"http:\/\/www.geosystemjastrzebski.pl\/index.php?rest_route=%2Fwp%2Fv2%2Fcomments&post=95"}],"version-history":[{"count":10,"href":"http:\/\/www.geosystemjastrzebski.pl\/index.php?rest_route=\/wp\/v2\/pages\/95\/revisions"}],"predecessor-version":[{"id":244,"href":"http:\/\/www.geosystemjastrzebski.pl\/index.php?rest_route=\/wp\/v2\/pages\/95\/revisions\/244"}],"wp:attachment":[{"href":"http:\/\/www.geosystemjastrzebski.pl\/index.php?rest_route=%2Fwp%2Fv2%2Fmedia&parent=95"}],"curies":[{"name":"wp","href":"https:\/\/api.w.org\/{rel}","templated":true}]}}